{"id":6,"date":"2021-12-17T10:14:19","date_gmt":"2021-12-17T09:14:19","guid":{"rendered":"http:\/\/www.pottierfils.fr\/?page_id=6"},"modified":"2025-02-28T09:51:20","modified_gmt":"2025-02-28T08:51:20","slug":"le-nouveau-e-mucem-ouvre-ses-portes-2","status":"publish","type":"page","link":"https:\/\/www.pottierfils.fr\/","title":{"rendered":"Bienvenue chez"},"content":{"rendered":"\n<figure class=\"wp-block-image size-large\"><img fetchpriority=\"high\" decoding=\"async\" width=\"1024\" height=\"227\" src=\"http:\/\/www.pottierfils.fr\/wp-content\/uploads\/2025\/02\/cropped-logo-Maconnerie-Pottier-1024x227.png\" alt=\"\" class=\"wp-image-127\" srcset=\"https:\/\/www.pottierfils.fr\/wp-content\/uploads\/2025\/02\/cropped-logo-Maconnerie-Pottier-1024x227.png 1024w, https:\/\/www.pottierfils.fr\/wp-content\/uploads\/2025\/02\/cropped-logo-Maconnerie-Pottier-300x67.png 300w, https:\/\/www.pottierfils.fr\/wp-content\/uploads\/2025\/02\/cropped-logo-Maconnerie-Pottier-768x171.png 768w, https:\/\/www.pottierfils.fr\/wp-content\/uploads\/2025\/02\/cropped-logo-Maconnerie-Pottier-1536x341.png 1536w, https:\/\/www.pottierfils.fr\/wp-content\/uploads\/2025\/02\/cropped-logo-Maconnerie-Pottier-2048x455.png 2048w, https:\/\/www.pottierfils.fr\/wp-content\/uploads\/2025\/02\/cropped-logo-Maconnerie-Pottier-1200x266.png 1200w, https:\/\/www.pottierfils.fr\/wp-content\/uploads\/2025\/02\/cropped-logo-Maconnerie-Pottier-1980x440.png 1980w\" sizes=\"(max-width: 1024px) 100vw, 1024px\" \/><\/figure>\n\n\n\n<div class=\"wp-block-group alignwide\"><div class=\"wp-block-group__inner-container is-layout-flow wp-block-group-is-layout-flow\">\n<h2 class=\"wp-block-heading has-text-align-center\">Entreprise de ma\u00e7onnerie  La Fert\u00e9 Mac\u00e9<\/h2>\n<\/div><\/div>\n\n\n\n<p class=\"has-text-align-center\">Depuis sa cr\u00e9ation en 1952 par Robert Pottier, l\u2019entreprise s\u2019est impos\u00e9e comme une v\u00e9ritable r\u00e9f\u00e9rence dans notre secteur. Elle a mis tout son talent et son savoir faire afin de satisfaire et de fid\u00e9liser sa client\u00e8le.<br>Nous sommes sp\u00e9cialis\u00e9s dans les domaines Ma\u00e7onnerie g\u00e9n\u00e9rale<br>gros \u0153uvre, pl\u00e2trerie et carrelage. Nous ne cessons d\u2019\u00e9voluer, et sommes devenus RGE<br>Qualibat,<br>preuve de notre qualit\u00e9 et de s\u00e9rieux Contactez nous d\u00e9s aujourd\u2019hui et d\u00e9couvrez ce que<br>R POTTIER fils peut faire pour vous.<\/p>\n\n\n\n<p><\/p>\n\n\n\n<p><\/p>\n\n\n\n<figure class=\"wp-block-gallery alignwide has-nested-images columns-default is-cropped wp-block-gallery-1 is-layout-flex wp-block-gallery-is-layout-flex\">\n<figure class=\"wp-block-image size-large\"><img decoding=\"async\" width=\"234\" height=\"210\" data-id=\"51\" src=\"http:\/\/www.pottierfils.fr\/wp-content\/uploads\/2021\/12\/pr3-1.jpg\" alt=\"\" class=\"wp-image-51\"\/><figcaption class=\"wp-element-caption\">POTTIER ROBERT<\/figcaption><\/figure>\n\n\n\n<figure class=\"wp-block-image size-large\"><img decoding=\"async\" width=\"1024\" height=\"983\" data-id=\"57\" src=\"http:\/\/www.pottierfils.fr\/wp-content\/uploads\/2021\/12\/DSCN0565-3-1024x983.jpg\" alt=\"\" class=\"wp-image-57\" srcset=\"https:\/\/www.pottierfils.fr\/wp-content\/uploads\/2021\/12\/DSCN0565-3-1024x983.jpg 1024w, https:\/\/www.pottierfils.fr\/wp-content\/uploads\/2021\/12\/DSCN0565-3-300x288.jpg 300w, https:\/\/www.pottierfils.fr\/wp-content\/uploads\/2021\/12\/DSCN0565-3-768x737.jpg 768w, https:\/\/www.pottierfils.fr\/wp-content\/uploads\/2021\/12\/DSCN0565-3-1200x1152.jpg 1200w, https:\/\/www.pottierfils.fr\/wp-content\/uploads\/2021\/12\/DSCN0565-3.jpg 1232w\" sizes=\"(max-width: 1024px) 100vw, 1024px\" \/><figcaption class=\"wp-element-caption\">POTTIER STEPHAN<\/figcaption><\/figure>\n\n\n\n<figure class=\"wp-block-image size-large\"><img loading=\"lazy\" decoding=\"async\" width=\"926\" height=\"1024\" data-id=\"55\" src=\"http:\/\/www.pottierfils.fr\/wp-content\/uploads\/2021\/12\/DSCN0566-2-926x1024.jpg\" alt=\"\" class=\"wp-image-55\" srcset=\"https:\/\/www.pottierfils.fr\/wp-content\/uploads\/2021\/12\/DSCN0566-2-926x1024.jpg 926w, https:\/\/www.pottierfils.fr\/wp-content\/uploads\/2021\/12\/DSCN0566-2-271x300.jpg 271w, https:\/\/www.pottierfils.fr\/wp-content\/uploads\/2021\/12\/DSCN0566-2-768x850.jpg 768w, https:\/\/www.pottierfils.fr\/wp-content\/uploads\/2021\/12\/DSCN0566-2-1388x1536.jpg 1388w, https:\/\/www.pottierfils.fr\/wp-content\/uploads\/2021\/12\/DSCN0566-2-1200x1328.jpg 1200w, https:\/\/www.pottierfils.fr\/wp-content\/uploads\/2021\/12\/DSCN0566-2.jpg 1720w\" sizes=\"(max-width: 926px) 100vw, 926px\" \/><figcaption class=\"wp-element-caption\">POTTIER BAPTISTE<\/figcaption><\/figure>\n<\/figure>\n\n\n\n<div style=\"height:100px\" aria-hidden=\"true\" class=\"wp-block-spacer\"><\/div>\n\n\n\n<figure class=\"wp-block-image alignwide size-large\"><img loading=\"lazy\" decoding=\"async\" width=\"1024\" height=\"767\" src=\"http:\/\/www.pottierfils.fr\/wp-content\/uploads\/2021\/12\/t-1-1024x767.jpg\" alt=\"\" class=\"wp-image-39\" srcset=\"https:\/\/www.pottierfils.fr\/wp-content\/uploads\/2021\/12\/t-1-1024x767.jpg 1024w, https:\/\/www.pottierfils.fr\/wp-content\/uploads\/2021\/12\/t-1-300x225.jpg 300w, https:\/\/www.pottierfils.fr\/wp-content\/uploads\/2021\/12\/t-1-768x576.jpg 768w, https:\/\/www.pottierfils.fr\/wp-content\/uploads\/2021\/12\/t-1-1200x899.jpg 1200w, https:\/\/www.pottierfils.fr\/wp-content\/uploads\/2021\/12\/t-1.jpg 1293w\" sizes=\"(max-width: 1024px) 100vw, 1024px\" \/><\/figure>\n\n\n\n<h2 class=\"wp-block-heading\"><strong>Au service de tous vos projets<\/strong><\/h2>\n\n\n\n<p class=\"has-accent-color has-text-color has-link-color wp-elements-f5b6c5031d648ab308717cd7f5711b14\"><strong>Neuf ma\u00e7onnerie<\/strong><\/p>\n\n\n\n<p>Nous r\u00e9alisons des b\u00e2timents du secteur professionnel comme les b\u00e2timents industriels, des maisons de retraite, des \u00e9coles, des logements collectifs, pole de sant\u00e9. Nous travaillons aussi dans le domaine de l\u2019agriculture comme pour les b\u00e2timents de stockage de c\u00e9r\u00e9ales (les silos), les fosses \u00e0 lisier, stabules. Nous r\u00e9alisons des pavillons individuels pour les particuliers et prenons en charge le tout corps d\u2019\u00e9tat.<\/p>\n\n\n\n<div class=\"wp-block-media-text alignwide is-stacked-on-mobile\"><figure class=\"wp-block-media-text__media\"><img loading=\"lazy\" decoding=\"async\" width=\"795\" height=\"596\" src=\"http:\/\/www.pottierfils.fr\/wp-content\/uploads\/2021\/12\/Image2-2.jpg\" alt=\"\" class=\"wp-image-65 size-full\" srcset=\"https:\/\/www.pottierfils.fr\/wp-content\/uploads\/2021\/12\/Image2-2.jpg 795w, https:\/\/www.pottierfils.fr\/wp-content\/uploads\/2021\/12\/Image2-2-300x225.jpg 300w, https:\/\/www.pottierfils.fr\/wp-content\/uploads\/2021\/12\/Image2-2-768x576.jpg 768w\" sizes=\"(max-width: 795px) 100vw, 795px\" \/><\/figure><div class=\"wp-block-media-text__content\">\n<p class=\"has-accent-color has-text-color has-link-color has-large-font-size wp-elements-857808915d4f38e879e6b333b68ca7e2\"><strong>R\u00e9novation<\/strong><\/p>\n\n\n\n<p>Nous faisons de la restructuration de b\u00e2timents c\u2019est-\u00e0-dire les mises aux normes de s\u00e9curit\u00e9 incendie et PMR : logements collectifs comme des tours d\u2019immeubles, p\u00f4le de&nbsp;sant\u00e9, \u00e9coles. Nous r\u00e9alisons des cages d\u2019ascenseur int\u00e9rieures ou en ext\u00e9rieur, des cages d\u2019escaliers, des rampes d\u2019acc\u00e8s, des transformations int\u00e9rieures et ext\u00e9rieures. Pour les particuliers nous r\u00e9alisons des transformations de maisons : agrandissements,&nbsp;ouvertures ext\u00e9rieures et int\u00e9rieures, des joints de fa\u00e7ade. Nous sommes exp\u00e9riment\u00e9s dans le travail de la pierre et pouvons trouver des solutions multiples pour satisfaire les besoins&nbsp;des clients.&nbsp;<\/p>\n<\/div><\/div>\n\n\n\n<div class=\"wp-block-media-text alignwide has-media-on-the-right is-vertically-aligned-center is-stacked-on-mobile\"><div class=\"wp-block-media-text__content\">\n<p class=\"has-accent-color has-text-color has-link-color has-large-font-size wp-elements-5c7088dfe9f651d8114e1a4963e660ef\"><strong>Am\u00e9nagement ext\u00e9rieur<\/strong><\/p>\n\n\n\n<p>Nous pouvons proposer de l\u2019am\u00e9nagement ext\u00e9rieur comme des cours en pav\u00e9s, des murs de cl\u00f4tures, des terrasses.<\/p>\n<\/div><figure class=\"wp-block-media-text__media\"><img loading=\"lazy\" decoding=\"async\" width=\"744\" height=\"558\" src=\"http:\/\/www.pottierfils.fr\/wp-content\/uploads\/2021\/12\/Image3-2.jpg\" alt=\"\" class=\"wp-image-66 size-full\" srcset=\"https:\/\/www.pottierfils.fr\/wp-content\/uploads\/2021\/12\/Image3-2.jpg 744w, https:\/\/www.pottierfils.fr\/wp-content\/uploads\/2021\/12\/Image3-2-300x225.jpg 300w\" sizes=\"(max-width: 744px) 100vw, 744px\" \/><\/figure><\/div>\n\n\n\n<div class=\"wp-block-media-text alignwide is-stacked-on-mobile\"><figure class=\"wp-block-media-text__media\"><img loading=\"lazy\" decoding=\"async\" width=\"342\" height=\"256\" src=\"http:\/\/www.pottierfils.fr\/wp-content\/uploads\/2021\/12\/Image4.png\" alt=\"\" class=\"wp-image-68 size-full\" srcset=\"https:\/\/www.pottierfils.fr\/wp-content\/uploads\/2021\/12\/Image4.png 342w, https:\/\/www.pottierfils.fr\/wp-content\/uploads\/2021\/12\/Image4-300x225.png 300w\" sizes=\"(max-width: 342px) 100vw, 342px\" \/><\/figure><div class=\"wp-block-media-text__content\">\n<p class=\"has-accent-color has-text-color has-link-color wp-elements-da7f15a7ceddb408282ab8df41f4a0b6\"><strong>Carrelage<\/strong><\/p>\n\n\n\n<p>Nous posons tous types de carrelage et sommes exp\u00e9riment\u00e9s pour la pose de grands formats. Nous r\u00e9alisons le carrelage dans tous types de b\u00e2timents que ce soit pour les clients particuliers et professionnels et pour les domaines du neuf et de la r\u00e9novation<\/p>\n<\/div><\/div>\n\n\n\n<div class=\"wp-block-media-text alignwide has-media-on-the-right is-stacked-on-mobile\"><div class=\"wp-block-media-text__content\">\n<p class=\"has-accent-color has-text-color has-link-color has-large-font-size wp-elements-680c2f76e087680e76073a3e9ceb6aaa\"><strong>Pl\u00e2trerie<\/strong><\/p>\n\n\n\n<p>Nous avons une \u00e9quipe de pl\u00e2trier carreleur pour r\u00e9aliser l\u2019enveloppe et l\u2019isolation int\u00e9rieure des maisons neuves ou en r\u00e9novation, nous proposons avec la pl\u00e2trerie la pose de menuiseries int\u00e9rieures et ext\u00e9rieures. Nous disposons donc d\u2019un un large choix de comp\u00e9tences et de plus nous sommes RGE pour le domaine de la r\u00e9novation.<\/p>\n<\/div><figure class=\"wp-block-media-text__media\"><img loading=\"lazy\" decoding=\"async\" width=\"259\" height=\"194\" src=\"http:\/\/www.pottierfils.fr\/wp-content\/uploads\/2021\/12\/telechargement.jpg\" alt=\"\" class=\"wp-image-69 size-full\"\/><\/figure><\/div>\n\n\n\n<div style=\"height:100px\" aria-hidden=\"true\" class=\"wp-block-spacer\"><\/div>\n\n\n\n<h2 class=\"wp-block-heading has-text-align-center has-accent-color has-text-color has-link-color wp-elements-42beb848cc6cec3477b2c1a288db7c88\">Nos qualifications<\/h2>\n\n\n\n<div class=\"wp-block-columns alignwide is-layout-flex wp-container-core-columns-is-layout-1 wp-block-columns-is-layout-flex\">\n<div class=\"wp-block-column is-layout-flow wp-block-column-is-layout-flow\">\n<figure class=\"wp-block-image size-large\"><img loading=\"lazy\" decoding=\"async\" width=\"252\" height=\"315\" src=\"http:\/\/www.pottierfils.fr\/wp-content\/uploads\/2021\/12\/Image5-2.png\" alt=\"\" class=\"wp-image-75\" srcset=\"https:\/\/www.pottierfils.fr\/wp-content\/uploads\/2021\/12\/Image5-2.png 252w, https:\/\/www.pottierfils.fr\/wp-content\/uploads\/2021\/12\/Image5-2-240x300.png 240w\" sizes=\"(max-width: 252px) 100vw, 252px\" \/><\/figure>\n<\/div>\n\n\n\n<div class=\"wp-block-column is-layout-flow wp-block-column-is-layout-flow\">\n<figure class=\"wp-block-image size-large is-resized\"><img loading=\"lazy\" decoding=\"async\" width=\"248\" height=\"182\" src=\"http:\/\/www.pottierfils.fr\/wp-content\/uploads\/2021\/12\/Image6-1.png\" alt=\"\" class=\"wp-image-76\" style=\"width:301px;height:221px\"\/><\/figure>\n<\/div>\n<\/div>\n\n\n\n<div style=\"height:100px\" aria-hidden=\"true\" class=\"wp-block-spacer\"><\/div>\n\n\n\n<h2 class=\"wp-block-heading has-text-align-center has-accent-color has-text-color has-link-color wp-elements-de9f5bff61ec7ed154733336908fab75\">Nos \u00e9quipements<\/h2>\n\n\n\n<ul class=\"wp-block-list\">\n<li>1 camion 26 t avec grue de 12 m et porte engin<\/li>\n\n\n\n<li>2 grues \u00e0 montage rapide 1 de 35 m et 1 de 30 m defl\u00e8che<\/li>\n\n\n\n<li>2 telescopics 1 de 16 m et 1 de 9 m<\/li>\n\n\n\n<li>1 mini pelle 1.8 t<\/li>\n\n\n\n<li>1 pelle de 8 t<\/li>\n\n\n\n<li>1 rouleau compacteur 800 kg<\/li>\n\n\n\n<li>6 v\u00e9hicules utilitaires 3.51<\/li>\n\n\n\n<li>250 m2 d\u2019\u00e9chafaudage multidirectionnel<\/li>\n\n\n\n<li>Banche manuportable pour les gros chantiers de banch\u00e9, nous louons si n\u00e9cessit\u00e9<\/li>\n<\/ul>\n","protected":false},"excerpt":{"rendered":"<p>Entreprise de ma\u00e7onnerie La Fert\u00e9 Mac\u00e9 Depuis sa cr\u00e9ation en 1952 par Robert Pottier, l\u2019entreprise s\u2019est impos\u00e9e comme une v\u00e9ritable r\u00e9f\u00e9rence dans notre secteur. Elle a mis tout son talent et son savoir faire afin de satisfaire et de fid\u00e9liser sa client\u00e8le.Nous sommes sp\u00e9cialis\u00e9s dans les domaines Ma\u00e7onnerie g\u00e9n\u00e9ralegros \u0153uvre, pl\u00e2trerie et carrelage. Nous ne [&hellip;]<\/p>\n","protected":false},"author":1,"featured_media":0,"parent":0,"menu_order":0,"comment_status":"closed","ping_status":"closed","template":"","meta":{"footnotes":""},"class_list":["post-6","page","type-page","status-publish","hentry"],"_links":{"self":[{"href":"https:\/\/www.pottierfils.fr\/index.php?rest_route=\/wp\/v2\/pages\/6","targetHints":{"allow":["GET"]}}],"collection":[{"href":"https:\/\/www.pottierfils.fr\/index.php?rest_route=\/wp\/v2\/pages"}],"about":[{"href":"https:\/\/www.pottierfils.fr\/index.php?rest_route=\/wp\/v2\/types\/page"}],"author":[{"embeddable":true,"href":"https:\/\/www.pottierfils.fr\/index.php?rest_route=\/wp\/v2\/users\/1"}],"replies":[{"embeddable":true,"href":"https:\/\/www.pottierfils.fr\/index.php?rest_route=%2Fwp%2Fv2%2Fcomments&post=6"}],"version-history":[{"count":20,"href":"https:\/\/www.pottierfils.fr\/index.php?rest_route=\/wp\/v2\/pages\/6\/revisions"}],"predecessor-version":[{"id":143,"href":"https:\/\/www.pottierfils.fr\/index.php?rest_route=\/wp\/v2\/pages\/6\/revisions\/143"}],"wp:attachment":[{"href":"https:\/\/www.pottierfils.fr\/index.php?rest_route=%2Fwp%2Fv2%2Fmedia&parent=6"}],"curies":[{"name":"wp","href":"https:\/\/api.w.org\/{rel}","templated":true}]}}