{"id":7,"date":"2021-12-17T10:14:19","date_gmt":"2021-12-17T09:14:19","guid":{"rendered":"http:\/\/www.pottierfils.fr\/?page_id=7"},"modified":"2025-02-27T16:35:24","modified_gmt":"2025-02-27T15:35:24","slug":"a-propos-de","status":"publish","type":"page","link":"https:\/\/www.pottierfils.fr\/?page_id=7","title":{"rendered":"\u00c0 propos de"},"content":{"rendered":"\t\t<div data-elementor-type=\"wp-page\" data-elementor-id=\"7\" class=\"elementor elementor-7\">\n\t\t\t\t\t\t<section class=\"elementor-section elementor-top-section elementor-element elementor-element-189d6da3 elementor-section-boxed elementor-section-height-default elementor-section-height-default\" data-id=\"189d6da3\" data-element_type=\"section\" data-e-type=\"section\">\n\t\t\t\t\t\t<div class=\"elementor-container elementor-column-gap-default\">\n\t\t\t\t\t<div class=\"elementor-column elementor-col-100 elementor-top-column elementor-element elementor-element-5072282a\" data-id=\"5072282a\" data-element_type=\"column\" data-e-type=\"column\">\n\t\t\t<div class=\"elementor-widget-wrap elementor-element-populated\">\n\t\t\t\t\t\t<div class=\"elementor-element elementor-element-3b6c7070 elementor-widget elementor-widget-text-editor\" data-id=\"3b6c7070\" data-element_type=\"widget\" data-e-type=\"widget\" data-widget_type=\"text-editor.default\">\n\t\t\t\t<div class=\"elementor-widget-container\">\n\t\t\t\t\t\t\t\t\t\n<p>L\u2019entreprise a \u00e9t\u00e9 cr\u00e9\u00e9e le 18 ao\u00fbt 1952 par Robert POTTIER. \u00c0 cette \u00e9poque, il \u00e9tait l\u2019unique salari\u00e9, accompagn\u00e9 de sa femme Monique POTTIER. Il a commenc\u00e9 \u00e0 embaucher \u00e0 la fin des ann\u00e9es 50, pour atteindre six salari\u00e9s en 1970. Cette m\u00eame ann\u00e9e, l\u2019entreprise a obtenu son immatriculation au registre du commerce. Elle comptait alors 11 salari\u00e9s.<\/p>\n\n<p>En janvier 1994, Stephan POTTIER devient le nouveau PDG. Le 8 juin 1995, il obtient la qualit\u00e9 de Ma\u00eetre Artisan qui est une reconnaissance d\u2019un savoir-faire et un gage de confiance et de qualit\u00e9 envers le consommateur. Cette plus haute distinction est attribu\u00e9e par le Directeur de la Chambre des M\u00e9tiers.<\/p>\n\n<p>\u00a0<\/p>\n\n<p>En 2014, Jean Jacques POTTIER prend sa retraite.<\/p>\n\n<p>Aujourd\u2019hui, Stephan POTTIER est le dernier actionnaire \u00e0 travailler encore activement dans l\u2019entreprise.<\/p>\n\n<p>\u00a0<\/p>\n\t\t\t\t\t\t\t\t<\/div>\n\t\t\t\t<\/div>\n\t\t\t\t\t<\/div>\n\t\t<\/div>\n\t\t\t\t\t<\/div>\n\t\t<\/section>\n\t\t\t\t<\/div>\n\t\t","protected":false},"excerpt":{"rendered":"<p>L\u2019entreprise a \u00e9t\u00e9 cr\u00e9\u00e9e le 18 ao\u00fbt 1952 par Robert POTTIER. \u00c0 cette \u00e9poque, il \u00e9tait l\u2019unique salari\u00e9, accompagn\u00e9 de sa femme Monique POTTIER. Il a commenc\u00e9 \u00e0 embaucher \u00e0 la fin des ann\u00e9es 50, pour atteindre six salari\u00e9s en 1970. Cette m\u00eame ann\u00e9e, l\u2019entreprise a obtenu son immatriculation au registre du commerce. Elle comptait [&hellip;]<\/p>\n","protected":false},"author":1,"featured_media":0,"parent":0,"menu_order":0,"comment_status":"closed","ping_status":"closed","template":"","meta":{"footnotes":""},"class_list":["post-7","page","type-page","status-publish","hentry"],"_links":{"self":[{"href":"https:\/\/www.pottierfils.fr\/index.php?rest_route=\/wp\/v2\/pages\/7","targetHints":{"allow":["GET"]}}],"collection":[{"href":"https:\/\/www.pottierfils.fr\/index.php?rest_route=\/wp\/v2\/pages"}],"about":[{"href":"https:\/\/www.pottierfils.fr\/index.php?rest_route=\/wp\/v2\/types\/page"}],"author":[{"embeddable":true,"href":"https:\/\/www.pottierfils.fr\/index.php?rest_route=\/wp\/v2\/users\/1"}],"replies":[{"embeddable":true,"href":"https:\/\/www.pottierfils.fr\/index.php?rest_route=%2Fwp%2Fv2%2Fcomments&post=7"}],"version-history":[{"count":7,"href":"https:\/\/www.pottierfils.fr\/index.php?rest_route=\/wp\/v2\/pages\/7\/revisions"}],"predecessor-version":[{"id":140,"href":"https:\/\/www.pottierfils.fr\/index.php?rest_route=\/wp\/v2\/pages\/7\/revisions\/140"}],"wp:attachment":[{"href":"https:\/\/www.pottierfils.fr\/index.php?rest_route=%2Fwp%2Fv2%2Fmedia&parent=7"}],"curies":[{"name":"wp","href":"https:\/\/api.w.org\/{rel}","templated":true}]}}